{"id":3740,"date":"2017-12-30T14:45:36","date_gmt":"2017-12-30T13:45:36","guid":{"rendered":"http:\/\/www.kirche-sdh.de\/side\/?page_id=3740"},"modified":"2023-10-07T16:47:04","modified_gmt":"2023-10-07T14:47:04","slug":"pfarrbuecherei","status":"publish","type":"page","link":"https:\/\/www.kirche-sdh.de\/side\/pfarrbuecherei\/","title":{"rendered":"Pfarr- und Gemeindeb\u00fccherei Sch\u00f6nthal"},"content":{"rendered":"<h3>Pfarr- und Gemeindeb\u00fccherei Sch\u00f6nthal<\/h3>\n<p><span>Im Pfarr- und Jugendheim Sch\u00f6nthal ist eine sehr gut sortierte B\u00fccherei untergebracht, die nicht nur von Pfarrangeh\u00f6rigen gern genutzt wird.\u00a0<\/span><span>Geleitet wird sie ehrenamtlich von Inge Haberl.<br \/>\n<\/span><\/p>\n<p><img loading=\"lazy\" decoding=\"async\" width=\"2400\" height=\"1606\" class=\"alignnone size-full wp-image-4321\" alt=\"\" src=\"http:\/\/www.kirche-sdh.de\/side\/wp-content\/uploads\/2018\/03\/IMG_6663.jpg\" srcset=\"https:\/\/www.kirche-sdh.de\/side\/wp-content\/uploads\/2018\/03\/IMG_6663.jpg 2400w, https:\/\/www.kirche-sdh.de\/side\/wp-content\/uploads\/2018\/03\/IMG_6663-300x201.jpg 300w, https:\/\/www.kirche-sdh.de\/side\/wp-content\/uploads\/2018\/03\/IMG_6663-768x514.jpg 768w, https:\/\/www.kirche-sdh.de\/side\/wp-content\/uploads\/2018\/03\/IMG_6663-1024x685.jpg 1024w, https:\/\/www.kirche-sdh.de\/side\/wp-content\/uploads\/2018\/03\/IMG_6663-360x240.jpg 360w\" sizes=\"auto, (max-width: 2400px) 100vw, 2400px\" \/><\/p>\n<div id=\"attachment_5134\" style=\"width: 5194px\" class=\"wp-caption aligncenter\"><img loading=\"lazy\" decoding=\"async\" aria-describedby=\"caption-attachment-5134\" width=\"5184\" height=\"3456\" class=\"size-full wp-image-5134\" alt=\"\" src=\"https:\/\/www.kirche-sdh.de\/side\/wp-content\/uploads\/2018\/12\/IMG_9892.jpg\" srcset=\"https:\/\/www.kirche-sdh.de\/side\/wp-content\/uploads\/2018\/12\/IMG_9892.jpg 5184w, https:\/\/www.kirche-sdh.de\/side\/wp-content\/uploads\/2018\/12\/IMG_9892-300x200.jpg 300w, https:\/\/www.kirche-sdh.de\/side\/wp-content\/uploads\/2018\/12\/IMG_9892-768x512.jpg 768w, https:\/\/www.kirche-sdh.de\/side\/wp-content\/uploads\/2018\/12\/IMG_9892-1024x683.jpg 1024w, https:\/\/www.kirche-sdh.de\/side\/wp-content\/uploads\/2018\/12\/IMG_9892-360x240.jpg 360w\" sizes=\"auto, (max-width: 5184px) 100vw, 5184px\" \/><p id=\"caption-attachment-5134\" class=\"wp-caption-text\">Neuer Lesestoff<\/p><\/div>\n<p>Zum Jahresende war die Leiterin der Sch\u00f6nthaler Pfarr- und Gemeindeb\u00fccherei, Inge Haberl wieder auf Einkaufstour unterwegs. Wie immer legt Haberl viel Wert auf aktuelle Titel und Bestseller verschiedenster Genres f\u00fcr J\u00fcngere und \u00c4ltere. Der Thriller \u201eDu bist in meiner Hand\u201c von Clark Higgens und der Krimi \u201eIm Schnee wird nur der Tod nicht kalt\u201c von J\u00f6rg Mauerer geh\u00f6ren ebenso dazu wie Toni Lauerer`s neuestes Buch \u201eMei, bin i a Depp!\u201c, Gregs Tagebuch 13 oder Ostwind \u201eDer gro\u00dfe Orkan\u201c. Auch historische Romane aus dem Mittelalter \u201eDie Tore des Himmels\u201c, das Guinnessbuch der Rekorde 2019 und Sachb\u00fccher wie \u201eDar\u00fcber spricht man nicht\u201c stehen ganz frisch im B\u00fccherregal. Mit neuen DVDs wie \u201eDas Zeitr\u00e4tsel\u201c und \u201eMidnight Sun\u201c sowie Zeitschriftenabonnements von Wohnen, Garten und Livestyle wartet die B\u00fccherei ebenfalls brandaktuell auf.<\/p>\n<h4>Die B\u00fccherei Sch\u00f6nthal ist ge\u00f6ffnet<\/h4>\n<p>Dienstag von 14 &#8211; 16 Uhr<\/p>\n<p>Donnerstag von 18 &#8211; 20 Uhr und<\/p>\n<p>eine halbe Stunde nach dem Gottesdienst<\/p>\n<p><img loading=\"lazy\" decoding=\"async\" width=\"2400\" height=\"1706\" class=\"alignnone size-full wp-image-4322\" alt=\"\" src=\"http:\/\/www.kirche-sdh.de\/side\/wp-content\/uploads\/2018\/03\/IMG_6673.jpg\" srcset=\"https:\/\/www.kirche-sdh.de\/side\/wp-content\/uploads\/2018\/03\/IMG_6673.jpg 2400w, https:\/\/www.kirche-sdh.de\/side\/wp-content\/uploads\/2018\/03\/IMG_6673-300x213.jpg 300w, https:\/\/www.kirche-sdh.de\/side\/wp-content\/uploads\/2018\/03\/IMG_6673-768x546.jpg 768w, https:\/\/www.kirche-sdh.de\/side\/wp-content\/uploads\/2018\/03\/IMG_6673-1024x728.jpg 1024w\" sizes=\"auto, (max-width: 2400px) 100vw, 2400px\" \/><\/p>\n<h4><\/h4>\n<h4><strong>Jahresr\u00fcckblick 2018<\/strong><\/h4>\n<p>Die Pfarr- und Gemeindeb\u00fccherei Sch\u00f6nthal ist \u00fcber den gesamten Altlandkreis Waldm\u00fcnchen bekannt und f\u00fchrt einen ausgezeichneten Ruf. Daf\u00fcr zeichnet sich vor allem Inge Haberl als Leiterin mit ihrem Team verantwortlich. Rechtzeitig im Fr\u00fchjahr, vor der Urlaubs- und Ferienzeit aber auch das gesamte Jahr \u00fcber geht Haberl auf Einkaufstour, um f\u00fcr aktuellen Lesestoff und Medien zu sorgen. Dies spiegelt sich auch im Jahresr\u00fcckblick f\u00fcr das Jahr 2018 wieder. Ausleihzahlen und Mitgliederzahlen befinden sich auf statistisch gesehen hohem Niveau und k\u00f6nnen sich sehen lassen.<\/p>\n<p>Seit 1994 besteht die Pfarr- und Gemeindeb\u00fccherei und wird seither von Inge Haberl ehrenamtlich geleitet. Als Mitarbeiterinnen stehen ihr Anne-Rose Weckesser, Maria Zwicknagel, Andrea Himmering, Marina Schie\u00dfl, Franziska Schrott, Kerstin B\u00fccherl und Rebecca Zeiser zur Seite. F\u00fcr \u201eEhrenamt macht Schule\u201c engagiert sich au\u00dferdem Anna-Lena Zangl in der B\u00fccherei.<\/p>\n<p><img loading=\"lazy\" decoding=\"async\" width=\"4032\" height=\"3024\" class=\"aligncenter size-full wp-image-6695\" alt=\"\" src=\"https:\/\/www.kirche-sdh.de\/side\/wp-content\/uploads\/2019\/04\/20190328_185510.jpg\" srcset=\"https:\/\/www.kirche-sdh.de\/side\/wp-content\/uploads\/2019\/04\/20190328_185510.jpg 4032w, https:\/\/www.kirche-sdh.de\/side\/wp-content\/uploads\/2019\/04\/20190328_185510-300x225.jpg 300w, https:\/\/www.kirche-sdh.de\/side\/wp-content\/uploads\/2019\/04\/20190328_185510-768x576.jpg 768w, https:\/\/www.kirche-sdh.de\/side\/wp-content\/uploads\/2019\/04\/20190328_185510-1024x768.jpg 1024w\" sizes=\"auto, (max-width: 4032px) 100vw, 4032px\" \/><\/p>\n<p>Insgesamt kommen die Mitarbeiter auf rund 20 ehrenamtliche Stunden in der Woche. Neben den \u00d6ffnungszeiten, am Wochenende eine Stunde nach dem Gottesdienst, dienstags und donnerstags jeweils zwei Stunden, gilt es die Medien zu besorgen, zu registrieren und zu sortieren und nat\u00fcrlich die B\u00fccherei auf Vordermann zu halten. Zus\u00e4tzlich wird der Kindergarten Sch\u00f6nthal monatlich mit B\u00fcchern versorgt und die Grundschule Sch\u00f6nthal sieht regelm\u00e4\u00dfig vorbei, um sich Sachb\u00fccher passend zum Lehrplan oder spannenden Lesestoff nach ihrem Geschmack auszuleihen.<\/p>\n<p>Im Jahr 2018 standen 3.275 Medien zur Verf\u00fcgung. Diese beinhalten Sachb\u00fccher, Romane, Jugend- und Kinderb\u00fccher, Zeitschriften, H\u00f6rb\u00fccher, DVDs und Spiele. Es wurden an 265 \u00d6ffnungstagen von 490 Mitgliedern 10.945 Medien ausgeliehen. Im Vergleich zum Vorjahr konnten 20 neue Mitglieder gewonnen werden. Die Ausleihzahlen befinden sich mit einer Steigerung um 275 St\u00fcck auf etwa Vorjahresniveau, im 10-Jahresvergleich jedoch um 1.700 und damit fast 20 Prozent h\u00f6her.<\/p>\n<p>Auch au\u00dferhalb der B\u00fccherei bringt sich das B\u00fcchereiteam in das Gemeindeleben ein. Es wurde ein Neunerlturnier abgehalten, eine Ferienfreizeit in den Sommerferien und ein Vorlesetag in der Grundschule Sch\u00f6nthal veranstaltet. In diesem Jahr feiert die Pfarr- und Gemeindeb\u00fccherei am 14. Juli ihr 25.-j\u00e4hriges Jubil\u00e4um.<\/p>\n<p>&nbsp;<\/p>\n<h4><strong>Sch\u00f6nthaler Pfarr- und Gemeindeb\u00fccherei feiert 25-j\u00e4hriges Bestehen<\/strong><\/h4>\n<p>Die Pfarr- und Gemeindeb\u00fccherei Sch\u00f6nthal hat einen ausgezeichneten Ruf und ist \u00fcber den gesamten Altlandkreis Waldm\u00fcnchen hinaus bekannt. Eine Erfolgsgeschichte, wie es Pfarrer Alfons Eder, B\u00fcrgermeister Ludwig Wallinger und auch Kirchenpfleger Martin Zangl im Rahmen einer kleinen Feierstunde anl\u00e4sslich des 25-j\u00e4hrigen Bestehens dieser kleinen aber feinen B\u00fccherei \u00fcbereinstimmend bezeichneten.<\/p>\n<p>Mit einem Gottesdienst wurde das silberne Jubil\u00e4um er\u00f6ffnet. Pfarrer Eder begr\u00fc\u00dfte dazu das B\u00fcchereiteam, insbesondere die Leiterin Inge Haberl. Sie verk\u00f6rpert seit 25 Jahren die Pfarr- und Gemeindeb\u00fccherei in ihrer Person und leitet diese von der ersten Stunde an. \u201eWas so lange dauert hat sich bew\u00e4hrt\u201c urteilte Pfarrer Eder. Das gesamte B\u00fcchereiteam leiste das Jahr \u00fcber Gro\u00dfartiges. Rund 20 ehrenamtliche Stunden werden in der Woche aufgewendet und sich mit viel Liebe, Sorgfalt und Sachkompetenz um den Bestand, die Neuanschaffungen und die W\u00fcnsche der B\u00fcchereimitglieder gek\u00fcmmert. Der Kindergarten Sch\u00f6nthal werde mit B\u00fcchern versorgt und die Grundschule sehe regelm\u00e4\u00dfig vorbei, um sich spannenden Lesestoff zu holen. Im Jahr 2018 wurden so mehr als 10.000 Medien ausgeliehen. Die Erfolgsgeschichte f\u00fchrte Pfarrer Eder im Besonderen auf den Verdienst von Inge Haberl zur\u00fcck, die diese Institution seit 25 Jahren leitet und daf\u00fcr sorgt, dass die B\u00fccherei stets aktuell aufgestellt ist. Ihr und dem gesamten B\u00fcchereiteam, dem erfreulicher Weise auch viele Jugendliche angeh\u00f6ren, sprach Pfarrer Alfons Eder seinen Dank aus. Der politischen Gemeinde mit B\u00fcrgermeister Wallinger und den Gemeinder\u00e4ten, die immer ein offenes Ohr h\u00e4tten, dankte er f\u00fcr die andauernde finanzielle und auch ideelle Unterst\u00fctzung, ebenso den Kirchenverwaltungen aus D\u00f6fering und Hiltersried. \u201eAd multos annos! &#8211; Auf viele weitere Jahre\u201c w\u00fcnschte sich Pfarrer Eder zum Abschluss.<\/p>\n<p><img loading=\"lazy\" decoding=\"async\" width=\"5184\" height=\"3456\" class=\"aligncenter size-full wp-image-7764\" alt=\"\" src=\"https:\/\/www.kirche-sdh.de\/side\/wp-content\/uploads\/2019\/07\/IMG_2719.jpg\" srcset=\"https:\/\/www.kirche-sdh.de\/side\/wp-content\/uploads\/2019\/07\/IMG_2719.jpg 5184w, https:\/\/www.kirche-sdh.de\/side\/wp-content\/uploads\/2019\/07\/IMG_2719-300x200.jpg 300w, https:\/\/www.kirche-sdh.de\/side\/wp-content\/uploads\/2019\/07\/IMG_2719-768x512.jpg 768w, https:\/\/www.kirche-sdh.de\/side\/wp-content\/uploads\/2019\/07\/IMG_2719-1024x683.jpg 1024w, https:\/\/www.kirche-sdh.de\/side\/wp-content\/uploads\/2019\/07\/IMG_2719-360x240.jpg 360w\" sizes=\"auto, (max-width: 5184px) 100vw, 5184px\" \/><\/p>\n<p>Dem Gottesdienst schloss sich ein Stehempfang im Pfarr- und Jugendheim an. Dort ist die B\u00fccherei seit 1994 ansprechend untergebracht. Girlanden mit Zeitungsausschnitten zeugten von den vielf\u00e4ltigen Aktivit\u00e4ten rund um die B\u00fccherei in den letzten 25 Jahren. Unter den G\u00e4sten fanden sich neben B\u00fcrgermeister Ludwig Wallinger mit Gemeinder\u00e4ten und Pfarrer Alfons Eder, Egon Hausladen als Sprecher des Gesamtpfarrgemeinderates der Seelsorgeeinheit, Maximilian Ruhland als Sprecher des \u00f6rtlichen Pfarrgemeinderates, sowie Mitglieder aller Pfarrgemeinder\u00e4te und der Kirchenverwaltungen ein.<\/p>\n<p><img loading=\"lazy\" decoding=\"async\" width=\"5184\" height=\"3456\" class=\"aligncenter size-full wp-image-7765\" alt=\"\" src=\"https:\/\/www.kirche-sdh.de\/side\/wp-content\/uploads\/2019\/07\/IMG_2721.jpg\" srcset=\"https:\/\/www.kirche-sdh.de\/side\/wp-content\/uploads\/2019\/07\/IMG_2721.jpg 5184w, https:\/\/www.kirche-sdh.de\/side\/wp-content\/uploads\/2019\/07\/IMG_2721-300x200.jpg 300w, https:\/\/www.kirche-sdh.de\/side\/wp-content\/uploads\/2019\/07\/IMG_2721-768x512.jpg 768w, https:\/\/www.kirche-sdh.de\/side\/wp-content\/uploads\/2019\/07\/IMG_2721-1024x683.jpg 1024w, https:\/\/www.kirche-sdh.de\/side\/wp-content\/uploads\/2019\/07\/IMG_2721-360x240.jpg 360w\" sizes=\"auto, (max-width: 5184px) 100vw, 5184px\" \/><\/p>\n<p>B\u00fcrgermeister Wallinger zeigte sich dankbar daf\u00fcr, dass die Gemeinde vor 25 Jahren mit ins Boot geholt worden ist und so eine B\u00fccherei f\u00fcr die gesamte Bev\u00f6lkerung, sowohl f\u00fcr junge als auch \u00e4ltere Menschen, anbieten kann. \u00dcber die Gemeindegrenzen werde die Pfarr- und Gemeindeb\u00fccherei hervorragend angenommen. Die Statistiken der vergangenen Jahre zeugten von einer Erfolgsgeschichte die auf die geleistete ehrenamtliche Arbeit von Inge Haberl und ihren Mitstreitern zur\u00fcckzuf\u00fchren sei. \u201eVon allen Welten, die der Mensch erschaffen hat, ist die B\u00fccherei die gewaltigste\u201c zitierte Wallinger den Schriftsteller Heinrich Heine und gab zu bedenken, dass \u201eLesen wichtiger ist denn je\u201c.<\/p>\n<p><img loading=\"lazy\" decoding=\"async\" width=\"5184\" height=\"3456\" class=\"aligncenter size-full wp-image-7766\" alt=\"\" src=\"https:\/\/www.kirche-sdh.de\/side\/wp-content\/uploads\/2019\/07\/IMG_2734.jpg\" srcset=\"https:\/\/www.kirche-sdh.de\/side\/wp-content\/uploads\/2019\/07\/IMG_2734.jpg 5184w, https:\/\/www.kirche-sdh.de\/side\/wp-content\/uploads\/2019\/07\/IMG_2734-300x200.jpg 300w, https:\/\/www.kirche-sdh.de\/side\/wp-content\/uploads\/2019\/07\/IMG_2734-768x512.jpg 768w, https:\/\/www.kirche-sdh.de\/side\/wp-content\/uploads\/2019\/07\/IMG_2734-1024x683.jpg 1024w, https:\/\/www.kirche-sdh.de\/side\/wp-content\/uploads\/2019\/07\/IMG_2734-360x240.jpg 360w\" sizes=\"auto, (max-width: 5184px) 100vw, 5184px\" \/><\/p>\n<p>Auch die Kirchenverwaltung Sch\u00f6nthal, die sich f\u00fcr den Unterhalt der Pfarr- und Gemeindeb\u00fccherei verantwortlich zeigt, stellte Inge Haberl mit ihrem Team ein hervorragendes Zeugnis aus. Kirchenpfleger Martin Zangl verwies auf die aufgeh\u00e4ngten Zeitungsartikel der 25 Jahre, aus denen die ganze Erfolgsgeschichte hervorgehe. Ma\u00dfgeblich sei Inge Haberl all die Jahre hinweg gewesen und habe au\u00dferordentlich zum Erfolg beigetragen. Mit Blumen bedankte sich Zangl bei Inge Haberl und ihrem B\u00fcchereiteam.<\/p>\n<p><img loading=\"lazy\" decoding=\"async\" width=\"5184\" height=\"3456\" class=\"aligncenter size-full wp-image-7767\" alt=\"\" src=\"https:\/\/www.kirche-sdh.de\/side\/wp-content\/uploads\/2019\/07\/IMG_2737.jpg\" srcset=\"https:\/\/www.kirche-sdh.de\/side\/wp-content\/uploads\/2019\/07\/IMG_2737.jpg 5184w, https:\/\/www.kirche-sdh.de\/side\/wp-content\/uploads\/2019\/07\/IMG_2737-300x200.jpg 300w, https:\/\/www.kirche-sdh.de\/side\/wp-content\/uploads\/2019\/07\/IMG_2737-768x512.jpg 768w, https:\/\/www.kirche-sdh.de\/side\/wp-content\/uploads\/2019\/07\/IMG_2737-1024x683.jpg 1024w, https:\/\/www.kirche-sdh.de\/side\/wp-content\/uploads\/2019\/07\/IMG_2737-360x240.jpg 360w\" sizes=\"auto, (max-width: 5184px) 100vw, 5184px\" \/><\/p>\n<p>Die Pfarr- und Gemeindeb\u00fccherei Sch\u00f6nthal ist im Sankt Michaelsbund der Di\u00f6zese Regensburg organisiert. Dieser sorgt sich um den Auf- und Ausbau des katholischen \u00f6ffentlichen B\u00fcchereiwesens im Bistum Regensburg. unterst\u00fctzt bei der Bibliotheksverwaltung, der Aktualisierung der Best\u00e4nde und der Erneuerung der Raumausstattung sowie der Aus- und Fortbildung.<\/p>\n<p>Die Leiterin der Di\u00f6zesanstelle, Christina Schn\u00f6dt, zeigte sich angetan von der Sch\u00f6nthaler B\u00fccherei und ihrem Angebot, nicht nur in Bezug auf das Ausleihen von B\u00fcchern sondern auch den Aktivit\u00e4ten, wieder an das Lesen heranzuf\u00fchren. Gerade in einer Zeit, in der B\u00fccherausleihen zur\u00fcckgehen, sei die Lesef\u00f6rderung besonders wichtig. F\u00fcr die Arbeit in den vergangenen 25 Jahren zeichnete sie Inge Haberl mit dem goldenen Ehrenzeichen des Sankt Michaelsbund aus.<\/p>\n<p><img loading=\"lazy\" decoding=\"async\" width=\"5184\" height=\"3456\" class=\"aligncenter size-full wp-image-7763\" alt=\"\" src=\"https:\/\/www.kirche-sdh.de\/side\/wp-content\/uploads\/2019\/07\/IMG_2739.jpg\" srcset=\"https:\/\/www.kirche-sdh.de\/side\/wp-content\/uploads\/2019\/07\/IMG_2739.jpg 5184w, https:\/\/www.kirche-sdh.de\/side\/wp-content\/uploads\/2019\/07\/IMG_2739-300x200.jpg 300w, https:\/\/www.kirche-sdh.de\/side\/wp-content\/uploads\/2019\/07\/IMG_2739-768x512.jpg 768w, https:\/\/www.kirche-sdh.de\/side\/wp-content\/uploads\/2019\/07\/IMG_2739-1024x683.jpg 1024w, https:\/\/www.kirche-sdh.de\/side\/wp-content\/uploads\/2019\/07\/IMG_2739-360x240.jpg 360w\" sizes=\"auto, (max-width: 5184px) 100vw, 5184px\" \/><\/p>\n","protected":false},"excerpt":{"rendered":"<p>Pfarr- und Gemeindeb\u00fccherei Sch\u00f6nthal Im Pfarr- und Jugendheim Sch\u00f6nthal ist eine sehr gut sortierte B\u00fccherei untergebracht, die nicht nur von Pfarrangeh\u00f6rigen gern genutzt wird.\u00a0Geleitet wird sie ehrenamtlich von Inge Haberl. Zum Jahresende war die Leiterin der Sch\u00f6nthaler Pfarr- und Gemeindeb\u00fccherei, Inge Haberl wieder auf Einkaufstour unterwegs. Wie immer legt Haberl [&hellip;]<\/p>\n","protected":false},"author":1,"featured_media":4321,"parent":0,"menu_order":0,"comment_status":"closed","ping_status":"closed","template":"","meta":{"footnotes":""},"class_list":["post-3740","page","type-page","status-publish","has-post-thumbnail","hentry"],"yoast_head":"<!-- This site is optimized with the Yoast SEO plugin v27.5 - https:\/\/yoast.com\/product\/yoast-seo-wordpress\/ -->\n<title>Pfarr- und Gemeindeb\u00fccherei Sch\u00f6nthal - Informationsseite und Seelsorgeeinheit<\/title>\n<meta name=\"robots\" content=\"index, follow, max-snippet:-1, max-image-preview:large, max-video-preview:-1\" \/>\n<link rel=\"canonical\" href=\"https:\/\/www.kirche-sdh.de\/side\/pfarrbuecherei\/\" \/>\n<meta property=\"og:locale\" content=\"de_DE\" \/>\n<meta property=\"og:type\" content=\"article\" \/>\n<meta property=\"og:title\" content=\"Pfarr- und Gemeindeb\u00fccherei Sch\u00f6nthal - Informationsseite und Seelsorgeeinheit\" \/>\n<meta property=\"og:description\" content=\"Pfarr- und Gemeindeb\u00fccherei Sch\u00f6nthal Im Pfarr- und Jugendheim Sch\u00f6nthal ist eine sehr gut sortierte B\u00fccherei untergebracht, die nicht nur von Pfarrangeh\u00f6rigen gern genutzt wird.\u00a0Geleitet wird sie ehrenamtlich von Inge Haberl. Zum Jahresende war die Leiterin der Sch\u00f6nthaler Pfarr- und Gemeindeb\u00fccherei, Inge Haberl wieder auf Einkaufstour unterwegs. Wie immer legt Haberl [&hellip;]\" \/>\n<meta property=\"og:url\" content=\"https:\/\/www.kirche-sdh.de\/side\/pfarrbuecherei\/\" \/>\n<meta property=\"og:site_name\" content=\"Informationsseite und Seelsorgeeinheit\" \/>\n<meta property=\"article:modified_time\" content=\"2023-10-07T14:47:04+00:00\" \/>\n<meta property=\"og:image\" content=\"https:\/\/www.kirche-sdh.de\/side\/wp-content\/uploads\/2018\/03\/IMG_6663.jpg\" \/>\n\t<meta property=\"og:image:width\" content=\"2400\" \/>\n\t<meta property=\"og:image:height\" content=\"1606\" \/>\n\t<meta property=\"og:image:type\" content=\"image\/jpeg\" \/>\n<meta name=\"twitter:card\" content=\"summary_large_image\" \/>\n<meta name=\"twitter:label1\" content=\"Gesch\u00e4tzte Lesezeit\" \/>\n\t<meta name=\"twitter:data1\" content=\"6\u00a0Minuten\" \/>\n<script type=\"application\/ld+json\" class=\"yoast-schema-graph\">{\"@context\":\"https:\\\/\\\/schema.org\",\"@graph\":[{\"@type\":\"WebPage\",\"@id\":\"https:\\\/\\\/www.kirche-sdh.de\\\/side\\\/pfarrbuecherei\\\/\",\"url\":\"https:\\\/\\\/www.kirche-sdh.de\\\/side\\\/pfarrbuecherei\\\/\",\"name\":\"Pfarr- und Gemeindeb\u00fccherei Sch\u00f6nthal - Informationsseite und Seelsorgeeinheit\",\"isPartOf\":{\"@id\":\"https:\\\/\\\/www.kirche-sdh.de\\\/side\\\/#website\"},\"primaryImageOfPage\":{\"@id\":\"https:\\\/\\\/www.kirche-sdh.de\\\/side\\\/pfarrbuecherei\\\/#primaryimage\"},\"image\":{\"@id\":\"https:\\\/\\\/www.kirche-sdh.de\\\/side\\\/pfarrbuecherei\\\/#primaryimage\"},\"thumbnailUrl\":\"https:\\\/\\\/www.kirche-sdh.de\\\/side\\\/wp-content\\\/uploads\\\/2018\\\/03\\\/IMG_6663.jpg\",\"datePublished\":\"2017-12-30T13:45:36+00:00\",\"dateModified\":\"2023-10-07T14:47:04+00:00\",\"breadcrumb\":{\"@id\":\"https:\\\/\\\/www.kirche-sdh.de\\\/side\\\/pfarrbuecherei\\\/#breadcrumb\"},\"inLanguage\":\"de\",\"potentialAction\":[{\"@type\":\"ReadAction\",\"target\":[\"https:\\\/\\\/www.kirche-sdh.de\\\/side\\\/pfarrbuecherei\\\/\"]}]},{\"@type\":\"ImageObject\",\"inLanguage\":\"de\",\"@id\":\"https:\\\/\\\/www.kirche-sdh.de\\\/side\\\/pfarrbuecherei\\\/#primaryimage\",\"url\":\"https:\\\/\\\/www.kirche-sdh.de\\\/side\\\/wp-content\\\/uploads\\\/2018\\\/03\\\/IMG_6663.jpg\",\"contentUrl\":\"https:\\\/\\\/www.kirche-sdh.de\\\/side\\\/wp-content\\\/uploads\\\/2018\\\/03\\\/IMG_6663.jpg\",\"width\":2400,\"height\":1606},{\"@type\":\"BreadcrumbList\",\"@id\":\"https:\\\/\\\/www.kirche-sdh.de\\\/side\\\/pfarrbuecherei\\\/#breadcrumb\",\"itemListElement\":[{\"@type\":\"ListItem\",\"position\":1,\"name\":\"Startseite\",\"item\":\"https:\\\/\\\/www.kirche-sdh.de\\\/side\\\/\"},{\"@type\":\"ListItem\",\"position\":2,\"name\":\"Pfarr- und Gemeindeb\u00fccherei Sch\u00f6nthal\"}]},{\"@type\":\"WebSite\",\"@id\":\"https:\\\/\\\/www.kirche-sdh.de\\\/side\\\/#website\",\"url\":\"https:\\\/\\\/www.kirche-sdh.de\\\/side\\\/\",\"name\":\"Informationsseite und Seelsorgeeinheit\",\"description\":\"Informationsseite und Seelsorgeeinheit\",\"publisher\":{\"@id\":\"https:\\\/\\\/www.kirche-sdh.de\\\/side\\\/#organization\"},\"potentialAction\":[{\"@type\":\"SearchAction\",\"target\":{\"@type\":\"EntryPoint\",\"urlTemplate\":\"https:\\\/\\\/www.kirche-sdh.de\\\/side\\\/?s={search_term_string}\"},\"query-input\":{\"@type\":\"PropertyValueSpecification\",\"valueRequired\":true,\"valueName\":\"search_term_string\"}}],\"inLanguage\":\"de\"},{\"@type\":\"Organization\",\"@id\":\"https:\\\/\\\/www.kirche-sdh.de\\\/side\\\/#organization\",\"name\":\"Informationsseite und Seelsorgeeinheit\",\"url\":\"https:\\\/\\\/www.kirche-sdh.de\\\/side\\\/\",\"logo\":{\"@type\":\"ImageObject\",\"inLanguage\":\"de\",\"@id\":\"https:\\\/\\\/www.kirche-sdh.de\\\/side\\\/#\\\/schema\\\/logo\\\/image\\\/\",\"url\":\"https:\\\/\\\/www.kirche-sdh.de\\\/side\\\/wp-content\\\/uploads\\\/2017\\\/12\\\/kirche-logos.png\",\"contentUrl\":\"https:\\\/\\\/www.kirche-sdh.de\\\/side\\\/wp-content\\\/uploads\\\/2017\\\/12\\\/kirche-logos.png\",\"width\":438,\"height\":191,\"caption\":\"Informationsseite und Seelsorgeeinheit\"},\"image\":{\"@id\":\"https:\\\/\\\/www.kirche-sdh.de\\\/side\\\/#\\\/schema\\\/logo\\\/image\\\/\"}}]}<\/script>\n<!-- \/ Yoast SEO plugin. -->","yoast_head_json":{"title":"Pfarr- und Gemeindeb\u00fccherei Sch\u00f6nthal - Informationsseite und Seelsorgeeinheit","robots":{"index":"index","follow":"follow","max-snippet":"max-snippet:-1","max-image-preview":"max-image-preview:large","max-video-preview":"max-video-preview:-1"},"canonical":"https:\/\/www.kirche-sdh.de\/side\/pfarrbuecherei\/","og_locale":"de_DE","og_type":"article","og_title":"Pfarr- und Gemeindeb\u00fccherei Sch\u00f6nthal - Informationsseite und Seelsorgeeinheit","og_description":"Pfarr- und Gemeindeb\u00fccherei Sch\u00f6nthal Im Pfarr- und Jugendheim Sch\u00f6nthal ist eine sehr gut sortierte B\u00fccherei untergebracht, die nicht nur von Pfarrangeh\u00f6rigen gern genutzt wird.\u00a0Geleitet wird sie ehrenamtlich von Inge Haberl. Zum Jahresende war die Leiterin der Sch\u00f6nthaler Pfarr- und Gemeindeb\u00fccherei, Inge Haberl wieder auf Einkaufstour unterwegs. Wie immer legt Haberl [&hellip;]","og_url":"https:\/\/www.kirche-sdh.de\/side\/pfarrbuecherei\/","og_site_name":"Informationsseite und Seelsorgeeinheit","article_modified_time":"2023-10-07T14:47:04+00:00","og_image":[{"width":2400,"height":1606,"url":"https:\/\/www.kirche-sdh.de\/side\/wp-content\/uploads\/2018\/03\/IMG_6663.jpg","type":"image\/jpeg"}],"twitter_card":"summary_large_image","twitter_misc":{"Gesch\u00e4tzte Lesezeit":"6\u00a0Minuten"},"schema":{"@context":"https:\/\/schema.org","@graph":[{"@type":"WebPage","@id":"https:\/\/www.kirche-sdh.de\/side\/pfarrbuecherei\/","url":"https:\/\/www.kirche-sdh.de\/side\/pfarrbuecherei\/","name":"Pfarr- und Gemeindeb\u00fccherei Sch\u00f6nthal - Informationsseite und Seelsorgeeinheit","isPartOf":{"@id":"https:\/\/www.kirche-sdh.de\/side\/#website"},"primaryImageOfPage":{"@id":"https:\/\/www.kirche-sdh.de\/side\/pfarrbuecherei\/#primaryimage"},"image":{"@id":"https:\/\/www.kirche-sdh.de\/side\/pfarrbuecherei\/#primaryimage"},"thumbnailUrl":"https:\/\/www.kirche-sdh.de\/side\/wp-content\/uploads\/2018\/03\/IMG_6663.jpg","datePublished":"2017-12-30T13:45:36+00:00","dateModified":"2023-10-07T14:47:04+00:00","breadcrumb":{"@id":"https:\/\/www.kirche-sdh.de\/side\/pfarrbuecherei\/#breadcrumb"},"inLanguage":"de","potentialAction":[{"@type":"ReadAction","target":["https:\/\/www.kirche-sdh.de\/side\/pfarrbuecherei\/"]}]},{"@type":"ImageObject","inLanguage":"de","@id":"https:\/\/www.kirche-sdh.de\/side\/pfarrbuecherei\/#primaryimage","url":"https:\/\/www.kirche-sdh.de\/side\/wp-content\/uploads\/2018\/03\/IMG_6663.jpg","contentUrl":"https:\/\/www.kirche-sdh.de\/side\/wp-content\/uploads\/2018\/03\/IMG_6663.jpg","width":2400,"height":1606},{"@type":"BreadcrumbList","@id":"https:\/\/www.kirche-sdh.de\/side\/pfarrbuecherei\/#breadcrumb","itemListElement":[{"@type":"ListItem","position":1,"name":"Startseite","item":"https:\/\/www.kirche-sdh.de\/side\/"},{"@type":"ListItem","position":2,"name":"Pfarr- und Gemeindeb\u00fccherei Sch\u00f6nthal"}]},{"@type":"WebSite","@id":"https:\/\/www.kirche-sdh.de\/side\/#website","url":"https:\/\/www.kirche-sdh.de\/side\/","name":"Informationsseite und Seelsorgeeinheit","description":"Informationsseite und Seelsorgeeinheit","publisher":{"@id":"https:\/\/www.kirche-sdh.de\/side\/#organization"},"potentialAction":[{"@type":"SearchAction","target":{"@type":"EntryPoint","urlTemplate":"https:\/\/www.kirche-sdh.de\/side\/?s={search_term_string}"},"query-input":{"@type":"PropertyValueSpecification","valueRequired":true,"valueName":"search_term_string"}}],"inLanguage":"de"},{"@type":"Organization","@id":"https:\/\/www.kirche-sdh.de\/side\/#organization","name":"Informationsseite und Seelsorgeeinheit","url":"https:\/\/www.kirche-sdh.de\/side\/","logo":{"@type":"ImageObject","inLanguage":"de","@id":"https:\/\/www.kirche-sdh.de\/side\/#\/schema\/logo\/image\/","url":"https:\/\/www.kirche-sdh.de\/side\/wp-content\/uploads\/2017\/12\/kirche-logos.png","contentUrl":"https:\/\/www.kirche-sdh.de\/side\/wp-content\/uploads\/2017\/12\/kirche-logos.png","width":438,"height":191,"caption":"Informationsseite und Seelsorgeeinheit"},"image":{"@id":"https:\/\/www.kirche-sdh.de\/side\/#\/schema\/logo\/image\/"}}]}},"_links":{"self":[{"href":"https:\/\/www.kirche-sdh.de\/side\/wp-json\/wp\/v2\/pages\/3740","targetHints":{"allow":["GET"]}}],"collection":[{"href":"https:\/\/www.kirche-sdh.de\/side\/wp-json\/wp\/v2\/pages"}],"about":[{"href":"https:\/\/www.kirche-sdh.de\/side\/wp-json\/wp\/v2\/types\/page"}],"author":[{"embeddable":true,"href":"https:\/\/www.kirche-sdh.de\/side\/wp-json\/wp\/v2\/users\/1"}],"replies":[{"embeddable":true,"href":"https:\/\/www.kirche-sdh.de\/side\/wp-json\/wp\/v2\/comments?post=3740"}],"version-history":[{"count":0,"href":"https:\/\/www.kirche-sdh.de\/side\/wp-json\/wp\/v2\/pages\/3740\/revisions"}],"wp:featuredmedia":[{"embeddable":true,"href":"https:\/\/www.kirche-sdh.de\/side\/wp-json\/wp\/v2\/media\/4321"}],"wp:attachment":[{"href":"https:\/\/www.kirche-sdh.de\/side\/wp-json\/wp\/v2\/media?parent=3740"}],"curies":[{"name":"wp","href":"https:\/\/api.w.org\/{rel}","templated":true}]}}