{"id":3622,"date":"2017-12-29T15:11:14","date_gmt":"2017-12-29T14:11:14","guid":{"rendered":"http:\/\/www.kirche-sdh.de\/side\/?page_id=3622"},"modified":"2026-03-28T08:52:46","modified_gmt":"2026-03-28T07:52:46","slug":"pfarrgemeinderat","status":"publish","type":"page","link":"https:\/\/www.kirche-sdh.de\/side\/pfarrgemeinderat\/","title":{"rendered":"Der Pfarrgemeinderat unserer Pfarreiengemeinschaft"},"content":{"rendered":"<p><strong>Zusammensetzung des Gesamtpfarrgemeinderates 2026 &#8211; 2030<\/strong><\/p>\n<p>Gesamtsprecher Egon Hausladen<\/p>\n<p>Sch\u00f6nthal: Sprecher Maximilian Ruhland; Petra Decker, Roland Mauerer, Kerstin Riederer, Nicole R\u00f6tzer, Bianca Sch\u00fctz und Alexander Sperlich.<\/p>\n<p>D\u00f6fering: Sprecher Egon Hausladen; Rita B\u00f6sl, Johanna Kumschier, Elisabeth Meier, Robert Ruhland und Brigitte M\u00fcller<\/p>\n<p>Hiltersried: Sprecher Josef Reitinger; Johann Dietl, Claudia Emmer, Anita Liegl, Hans Pregler, Kathi Ruhland und Sandra Scherr<\/p>\n<p><img loading=\"lazy\" decoding=\"async\" src=\"https:\/\/www.kirche-sdh.de\/side\/wp-content\/uploads\/PGR_2a.jpeg\" alt=\"\" width=\"1500\" height=\"1437\" class=\"alignnone size-full wp-image-20520\" srcset=\"https:\/\/www.kirche-sdh.de\/side\/wp-content\/uploads\/PGR_2a.jpeg 1500w, https:\/\/www.kirche-sdh.de\/side\/wp-content\/uploads\/PGR_2a-300x287.jpeg 300w, https:\/\/www.kirche-sdh.de\/side\/wp-content\/uploads\/PGR_2a-1024x981.jpeg 1024w, https:\/\/www.kirche-sdh.de\/side\/wp-content\/uploads\/PGR_2a-768x736.jpeg 768w\" sizes=\"auto, (max-width: 1500px) 100vw, 1500px\" \/><\/p>\n<p><strong>Sch\u00f6nthal 2022 &#8211; 2026<\/strong><\/p>\n<ul>\n<li>Maximilian Ruhland ( Sprecher, hinten links)<\/li>\n<li>Christa Linsmeier<\/li>\n<li>Roland Mauerer<\/li>\n<li>Julia Milling<\/li>\n<li>Marina Schie\u00dfl<\/li>\n<li>Susanne Wutz<\/li>\n<li>Martin Zangl (nicht auf dem Foto)<\/li>\n<\/ul>\n<p>Der 2022 gew\u00e4hlte Pfarrgemeinderat (hintere Reihe) mit Gemeindereferentin Rosa-Maria Roth und im Vordergrund die 2022 ausgeschiedenen Mitglieder Monika B\u00fccherl, Irmi Ring und Nicole Kainz mit Pfarrer Eder.<\/p>\n<p><img loading=\"lazy\" decoding=\"async\" src=\"https:\/\/www.kirche-sdh.de\/side\/wp-content\/uploads\/IMG_8926.jpg\" alt=\"\" width=\"2000\" height=\"1333\" class=\"alignnone size-full wp-image-20166\" srcset=\"https:\/\/www.kirche-sdh.de\/side\/wp-content\/uploads\/IMG_8926.jpg 2000w, https:\/\/www.kirche-sdh.de\/side\/wp-content\/uploads\/IMG_8926-300x200.jpg 300w, https:\/\/www.kirche-sdh.de\/side\/wp-content\/uploads\/IMG_8926-1024x682.jpg 1024w, https:\/\/www.kirche-sdh.de\/side\/wp-content\/uploads\/IMG_8926-768x512.jpg 768w, https:\/\/www.kirche-sdh.de\/side\/wp-content\/uploads\/IMG_8926-1536x1024.jpg 1536w, https:\/\/www.kirche-sdh.de\/side\/wp-content\/uploads\/IMG_8926-360x240.jpg 360w\" sizes=\"auto, (max-width: 2000px) 100vw, 2000px\" \/><\/p>\n<p><strong>D\u00f6fering 2022-2026<\/strong><\/p>\n<p><img loading=\"lazy\" decoding=\"async\" src=\"https:\/\/www.kirche-sdh.de\/side\/wp-content\/uploads\/P1380474-1-1024x768.jpg\" alt=\"\" width=\"750\" height=\"563\" class=\"alignnone size-large wp-image-18547\" srcset=\"https:\/\/www.kirche-sdh.de\/side\/wp-content\/uploads\/P1380474-1-1024x768.jpg 1024w, https:\/\/www.kirche-sdh.de\/side\/wp-content\/uploads\/P1380474-1-300x225.jpg 300w, https:\/\/www.kirche-sdh.de\/side\/wp-content\/uploads\/P1380474-1-768x576.jpg 768w, https:\/\/www.kirche-sdh.de\/side\/wp-content\/uploads\/P1380474-1-1536x1152.jpg 1536w, https:\/\/www.kirche-sdh.de\/side\/wp-content\/uploads\/P1380474-1-2048x1536.jpg 2048w\" sizes=\"auto, (max-width: 750px) 100vw, 750px\" \/><\/p>\n<ul>\n<li>Egon Hausladen (Gesamtsprecher)<\/li>\n<li>Rita B\u00f6sl<\/li>\n<li>Elisabeth Meier<\/li>\n<li>Johanna Kumschier<\/li>\n<li>Maria Schneider<\/li>\n<li>Robert Ruhland<\/li>\n<\/ul>\n<p>&nbsp;<\/p>\n<p><strong>Hiltersried<\/strong><\/p>\n<ul>\n<li>Josef Reitinger ( Sprecher)<\/li>\n<li>Claudia Emmer<\/li>\n<li>Johann Dietl<\/li>\n<li>\u00a0Hans Pregler<\/li>\n<li>\u00a0Ute Ruhland<\/li>\n<li>\u00a0Sandra Scherr<\/li>\n<li>Anita Liegl<\/li>\n<\/ul>\n<p>&nbsp;<\/p>\n","protected":false},"excerpt":{"rendered":"<p>Zusammensetzung des Gesamtpfarrgemeinderates 2026 &#8211; 2030 Gesamtsprecher Egon Hausladen Sch\u00f6nthal: Sprecher Maximilian Ruhland; Petra Decker, Roland Mauerer, Kerstin Riederer, Nicole R\u00f6tzer, Bianca Sch\u00fctz und Alexander Sperlich. D\u00f6fering: Sprecher Egon Hausladen; Rita B\u00f6sl, Johanna Kumschier, Elisabeth Meier, Robert Ruhland und Brigitte M\u00fcller Hiltersried: Sprecher Josef Reitinger; Johann Dietl, Claudia Emmer, Anita [&hellip;]<\/p>\n","protected":false},"author":1,"featured_media":0,"parent":0,"menu_order":0,"comment_status":"closed","ping_status":"closed","template":"","meta":{"footnotes":""},"class_list":["post-3622","page","type-page","status-publish","hentry"],"yoast_head":"<!-- This site is optimized with the Yoast SEO plugin v27.4 - https:\/\/yoast.com\/product\/yoast-seo-wordpress\/ -->\n<title>Der Pfarrgemeinderat unserer Pfarreiengemeinschaft - Informationsseite und Seelsorgeeinheit<\/title>\n<meta name=\"robots\" content=\"index, follow, max-snippet:-1, max-image-preview:large, max-video-preview:-1\" \/>\n<link rel=\"canonical\" href=\"https:\/\/www.kirche-sdh.de\/side\/pfarrgemeinderat\/\" \/>\n<meta property=\"og:locale\" content=\"de_DE\" \/>\n<meta property=\"og:type\" content=\"article\" \/>\n<meta property=\"og:title\" content=\"Der Pfarrgemeinderat unserer Pfarreiengemeinschaft - Informationsseite und Seelsorgeeinheit\" \/>\n<meta property=\"og:description\" content=\"Zusammensetzung des Gesamtpfarrgemeinderates 2026 &#8211; 2030 Gesamtsprecher Egon Hausladen Sch\u00f6nthal: Sprecher Maximilian Ruhland; Petra Decker, Roland Mauerer, Kerstin Riederer, Nicole R\u00f6tzer, Bianca Sch\u00fctz und Alexander Sperlich. D\u00f6fering: Sprecher Egon Hausladen; Rita B\u00f6sl, Johanna Kumschier, Elisabeth Meier, Robert Ruhland und Brigitte M\u00fcller Hiltersried: Sprecher Josef Reitinger; Johann Dietl, Claudia Emmer, Anita [&hellip;]\" \/>\n<meta property=\"og:url\" content=\"https:\/\/www.kirche-sdh.de\/side\/pfarrgemeinderat\/\" \/>\n<meta property=\"og:site_name\" content=\"Informationsseite und Seelsorgeeinheit\" \/>\n<meta property=\"article:modified_time\" content=\"2026-03-28T07:52:46+00:00\" \/>\n<meta property=\"og:image\" content=\"https:\/\/www.kirche-sdh.de\/side\/wp-content\/uploads\/PGR_2a.jpeg\" \/>\n\t<meta property=\"og:image:width\" content=\"1500\" \/>\n\t<meta property=\"og:image:height\" content=\"1437\" \/>\n\t<meta property=\"og:image:type\" content=\"image\/jpeg\" \/>\n<meta name=\"twitter:card\" content=\"summary_large_image\" \/>\n<meta name=\"twitter:label1\" content=\"Gesch\u00e4tzte Lesezeit\" \/>\n\t<meta name=\"twitter:data1\" content=\"2\u00a0Minuten\" \/>\n<script type=\"application\/ld+json\" class=\"yoast-schema-graph\">{\"@context\":\"https:\\\/\\\/schema.org\",\"@graph\":[{\"@type\":\"WebPage\",\"@id\":\"https:\\\/\\\/www.kirche-sdh.de\\\/side\\\/pfarrgemeinderat\\\/\",\"url\":\"https:\\\/\\\/www.kirche-sdh.de\\\/side\\\/pfarrgemeinderat\\\/\",\"name\":\"Der Pfarrgemeinderat unserer Pfarreiengemeinschaft - Informationsseite und Seelsorgeeinheit\",\"isPartOf\":{\"@id\":\"https:\\\/\\\/www.kirche-sdh.de\\\/side\\\/#website\"},\"primaryImageOfPage\":{\"@id\":\"https:\\\/\\\/www.kirche-sdh.de\\\/side\\\/pfarrgemeinderat\\\/#primaryimage\"},\"image\":{\"@id\":\"https:\\\/\\\/www.kirche-sdh.de\\\/side\\\/pfarrgemeinderat\\\/#primaryimage\"},\"thumbnailUrl\":\"https:\\\/\\\/www.kirche-sdh.de\\\/side\\\/wp-content\\\/uploads\\\/PGR_2a.jpeg\",\"datePublished\":\"2017-12-29T14:11:14+00:00\",\"dateModified\":\"2026-03-28T07:52:46+00:00\",\"breadcrumb\":{\"@id\":\"https:\\\/\\\/www.kirche-sdh.de\\\/side\\\/pfarrgemeinderat\\\/#breadcrumb\"},\"inLanguage\":\"de\",\"potentialAction\":[{\"@type\":\"ReadAction\",\"target\":[\"https:\\\/\\\/www.kirche-sdh.de\\\/side\\\/pfarrgemeinderat\\\/\"]}]},{\"@type\":\"ImageObject\",\"inLanguage\":\"de\",\"@id\":\"https:\\\/\\\/www.kirche-sdh.de\\\/side\\\/pfarrgemeinderat\\\/#primaryimage\",\"url\":\"https:\\\/\\\/www.kirche-sdh.de\\\/side\\\/wp-content\\\/uploads\\\/PGR_2a.jpeg\",\"contentUrl\":\"https:\\\/\\\/www.kirche-sdh.de\\\/side\\\/wp-content\\\/uploads\\\/PGR_2a.jpeg\",\"width\":1500,\"height\":1437},{\"@type\":\"BreadcrumbList\",\"@id\":\"https:\\\/\\\/www.kirche-sdh.de\\\/side\\\/pfarrgemeinderat\\\/#breadcrumb\",\"itemListElement\":[{\"@type\":\"ListItem\",\"position\":1,\"name\":\"Startseite\",\"item\":\"https:\\\/\\\/www.kirche-sdh.de\\\/side\\\/\"},{\"@type\":\"ListItem\",\"position\":2,\"name\":\"Der Pfarrgemeinderat unserer Pfarreiengemeinschaft\"}]},{\"@type\":\"WebSite\",\"@id\":\"https:\\\/\\\/www.kirche-sdh.de\\\/side\\\/#website\",\"url\":\"https:\\\/\\\/www.kirche-sdh.de\\\/side\\\/\",\"name\":\"Informationsseite und Seelsorgeeinheit\",\"description\":\"Informationsseite und Seelsorgeeinheit\",\"publisher\":{\"@id\":\"https:\\\/\\\/www.kirche-sdh.de\\\/side\\\/#organization\"},\"potentialAction\":[{\"@type\":\"SearchAction\",\"target\":{\"@type\":\"EntryPoint\",\"urlTemplate\":\"https:\\\/\\\/www.kirche-sdh.de\\\/side\\\/?s={search_term_string}\"},\"query-input\":{\"@type\":\"PropertyValueSpecification\",\"valueRequired\":true,\"valueName\":\"search_term_string\"}}],\"inLanguage\":\"de\"},{\"@type\":\"Organization\",\"@id\":\"https:\\\/\\\/www.kirche-sdh.de\\\/side\\\/#organization\",\"name\":\"Informationsseite und Seelsorgeeinheit\",\"url\":\"https:\\\/\\\/www.kirche-sdh.de\\\/side\\\/\",\"logo\":{\"@type\":\"ImageObject\",\"inLanguage\":\"de\",\"@id\":\"https:\\\/\\\/www.kirche-sdh.de\\\/side\\\/#\\\/schema\\\/logo\\\/image\\\/\",\"url\":\"https:\\\/\\\/www.kirche-sdh.de\\\/side\\\/wp-content\\\/uploads\\\/2017\\\/12\\\/kirche-logos.png\",\"contentUrl\":\"https:\\\/\\\/www.kirche-sdh.de\\\/side\\\/wp-content\\\/uploads\\\/2017\\\/12\\\/kirche-logos.png\",\"width\":438,\"height\":191,\"caption\":\"Informationsseite und Seelsorgeeinheit\"},\"image\":{\"@id\":\"https:\\\/\\\/www.kirche-sdh.de\\\/side\\\/#\\\/schema\\\/logo\\\/image\\\/\"}}]}<\/script>\n<!-- \/ Yoast SEO plugin. -->","yoast_head_json":{"title":"Der Pfarrgemeinderat unserer Pfarreiengemeinschaft - Informationsseite und Seelsorgeeinheit","robots":{"index":"index","follow":"follow","max-snippet":"max-snippet:-1","max-image-preview":"max-image-preview:large","max-video-preview":"max-video-preview:-1"},"canonical":"https:\/\/www.kirche-sdh.de\/side\/pfarrgemeinderat\/","og_locale":"de_DE","og_type":"article","og_title":"Der Pfarrgemeinderat unserer Pfarreiengemeinschaft - Informationsseite und Seelsorgeeinheit","og_description":"Zusammensetzung des Gesamtpfarrgemeinderates 2026 &#8211; 2030 Gesamtsprecher Egon Hausladen Sch\u00f6nthal: Sprecher Maximilian Ruhland; Petra Decker, Roland Mauerer, Kerstin Riederer, Nicole R\u00f6tzer, Bianca Sch\u00fctz und Alexander Sperlich. D\u00f6fering: Sprecher Egon Hausladen; Rita B\u00f6sl, Johanna Kumschier, Elisabeth Meier, Robert Ruhland und Brigitte M\u00fcller Hiltersried: Sprecher Josef Reitinger; Johann Dietl, Claudia Emmer, Anita [&hellip;]","og_url":"https:\/\/www.kirche-sdh.de\/side\/pfarrgemeinderat\/","og_site_name":"Informationsseite und Seelsorgeeinheit","article_modified_time":"2026-03-28T07:52:46+00:00","og_image":[{"width":1500,"height":1437,"url":"https:\/\/www.kirche-sdh.de\/side\/wp-content\/uploads\/PGR_2a.jpeg","type":"image\/jpeg"}],"twitter_card":"summary_large_image","twitter_misc":{"Gesch\u00e4tzte Lesezeit":"2\u00a0Minuten"},"schema":{"@context":"https:\/\/schema.org","@graph":[{"@type":"WebPage","@id":"https:\/\/www.kirche-sdh.de\/side\/pfarrgemeinderat\/","url":"https:\/\/www.kirche-sdh.de\/side\/pfarrgemeinderat\/","name":"Der Pfarrgemeinderat unserer Pfarreiengemeinschaft - Informationsseite und Seelsorgeeinheit","isPartOf":{"@id":"https:\/\/www.kirche-sdh.de\/side\/#website"},"primaryImageOfPage":{"@id":"https:\/\/www.kirche-sdh.de\/side\/pfarrgemeinderat\/#primaryimage"},"image":{"@id":"https:\/\/www.kirche-sdh.de\/side\/pfarrgemeinderat\/#primaryimage"},"thumbnailUrl":"https:\/\/www.kirche-sdh.de\/side\/wp-content\/uploads\/PGR_2a.jpeg","datePublished":"2017-12-29T14:11:14+00:00","dateModified":"2026-03-28T07:52:46+00:00","breadcrumb":{"@id":"https:\/\/www.kirche-sdh.de\/side\/pfarrgemeinderat\/#breadcrumb"},"inLanguage":"de","potentialAction":[{"@type":"ReadAction","target":["https:\/\/www.kirche-sdh.de\/side\/pfarrgemeinderat\/"]}]},{"@type":"ImageObject","inLanguage":"de","@id":"https:\/\/www.kirche-sdh.de\/side\/pfarrgemeinderat\/#primaryimage","url":"https:\/\/www.kirche-sdh.de\/side\/wp-content\/uploads\/PGR_2a.jpeg","contentUrl":"https:\/\/www.kirche-sdh.de\/side\/wp-content\/uploads\/PGR_2a.jpeg","width":1500,"height":1437},{"@type":"BreadcrumbList","@id":"https:\/\/www.kirche-sdh.de\/side\/pfarrgemeinderat\/#breadcrumb","itemListElement":[{"@type":"ListItem","position":1,"name":"Startseite","item":"https:\/\/www.kirche-sdh.de\/side\/"},{"@type":"ListItem","position":2,"name":"Der Pfarrgemeinderat unserer Pfarreiengemeinschaft"}]},{"@type":"WebSite","@id":"https:\/\/www.kirche-sdh.de\/side\/#website","url":"https:\/\/www.kirche-sdh.de\/side\/","name":"Informationsseite und Seelsorgeeinheit","description":"Informationsseite und Seelsorgeeinheit","publisher":{"@id":"https:\/\/www.kirche-sdh.de\/side\/#organization"},"potentialAction":[{"@type":"SearchAction","target":{"@type":"EntryPoint","urlTemplate":"https:\/\/www.kirche-sdh.de\/side\/?s={search_term_string}"},"query-input":{"@type":"PropertyValueSpecification","valueRequired":true,"valueName":"search_term_string"}}],"inLanguage":"de"},{"@type":"Organization","@id":"https:\/\/www.kirche-sdh.de\/side\/#organization","name":"Informationsseite und Seelsorgeeinheit","url":"https:\/\/www.kirche-sdh.de\/side\/","logo":{"@type":"ImageObject","inLanguage":"de","@id":"https:\/\/www.kirche-sdh.de\/side\/#\/schema\/logo\/image\/","url":"https:\/\/www.kirche-sdh.de\/side\/wp-content\/uploads\/2017\/12\/kirche-logos.png","contentUrl":"https:\/\/www.kirche-sdh.de\/side\/wp-content\/uploads\/2017\/12\/kirche-logos.png","width":438,"height":191,"caption":"Informationsseite und Seelsorgeeinheit"},"image":{"@id":"https:\/\/www.kirche-sdh.de\/side\/#\/schema\/logo\/image\/"}}]}},"_links":{"self":[{"href":"https:\/\/www.kirche-sdh.de\/side\/wp-json\/wp\/v2\/pages\/3622","targetHints":{"allow":["GET"]}}],"collection":[{"href":"https:\/\/www.kirche-sdh.de\/side\/wp-json\/wp\/v2\/pages"}],"about":[{"href":"https:\/\/www.kirche-sdh.de\/side\/wp-json\/wp\/v2\/types\/page"}],"author":[{"embeddable":true,"href":"https:\/\/www.kirche-sdh.de\/side\/wp-json\/wp\/v2\/users\/1"}],"replies":[{"embeddable":true,"href":"https:\/\/www.kirche-sdh.de\/side\/wp-json\/wp\/v2\/comments?post=3622"}],"version-history":[{"count":0,"href":"https:\/\/www.kirche-sdh.de\/side\/wp-json\/wp\/v2\/pages\/3622\/revisions"}],"wp:attachment":[{"href":"https:\/\/www.kirche-sdh.de\/side\/wp-json\/wp\/v2\/media?parent=3622"}],"curies":[{"name":"wp","href":"https:\/\/api.w.org\/{rel}","templated":true}]}}